{"id":226,"date":"2018-11-15T11:06:49","date_gmt":"2018-11-15T10:06:49","guid":{"rendered":"http:\/\/www.avvocatopallanch.it\/?page_id=226"},"modified":"2019-02-28T21:22:33","modified_gmt":"2019-02-28T20:22:33","slug":"parcelle","status":"publish","type":"page","link":"https:\/\/www.avvocatopallanch.it\/?page_id=226","title":{"rendered":"Parcelle"},"content":{"rendered":"<div id=\"pl-226\"  class=\"panel-layout\" ><div id=\"pg-226-0\"  class=\"panel-grid panel-no-style\" ><div id=\"pgc-226-0-0\"  class=\"panel-grid-cell\" ><div id=\"panel-226-0-0-0\" class=\"so-panel widget widget_black-studio-tinymce widget_black_studio_tinymce panel-first-child panel-last-child\" data-index=\"0\" ><div class=\"textwidget\"><\/div><\/div><\/div><\/div><div id=\"pg-226-1\"  class=\"panel-grid panel-no-style\" ><div id=\"pgc-226-1-0\"  class=\"panel-grid-cell panel-grid-cell-empty\" ><\/div><div id=\"pgc-226-1-1\"  class=\"panel-grid-cell panel-grid-cell-mobile-last\" ><div id=\"panel-226-1-1-0\" class=\"so-panel widget widget_black-studio-tinymce widget_black_studio_tinymce panel-first-child panel-last-child\" data-index=\"1\" ><div class=\"textwidget\"><p align=\"center\"><span style=\"font-family: Cambria, serif; color: #000000; font-size: 18pt;\"><b>QUANTO COSTA UNA CONSULENZA?<\/b><\/span><\/p>\n<p align=\"center\"><span style=\"font-family: Cambria, serif; color: #000000; font-size: 18pt;\"><b>QUANTO COSTA LA DIFESA NEL PROCESSO?<\/b><\/span><\/p>\n<p>&nbsp;<\/p>\n<p><span style=\"color: #000000; font-size: 14pt;\"><span style=\"font-family: Cambria, serif;\">La legge professionale stabilisce che :\u201c<\/span><span style=\"font-family: Cambria, serif;\"><i><b>la pattuizione dei compensi \u00e8 libera<\/b><\/i><\/span><span style=\"font-family: Cambria, serif;\"><i>. \u00c8 <\/i><\/span><span style=\"font-family: Cambria, serif;\"><i>ammessa la pattuizione a tempo, in misura forfetaria, per convenzione avente ad oggetto uno o pi\u00f9 affari, in base all'assolvimento e ai tempi di erogazione della prestazione, per singole fasi o prestazioni o per l'intera attivit\u00e0, a percentuale sul valore dell'affare o su quanto si prevede possa giovarsene, non soltanto a livello strettamente patrimoniale, il destinatario della prestazione<\/i><\/span><span style=\"font-family: Cambria, serif;\">\u201d.<\/span><\/span><\/p>\n<p><span style=\"color: #000000; font-size: 14pt;\"><span style=\"font-family: Cambria, serif;\">Gli onorari <\/span><span style=\"font-family: Cambria, serif;\">applicati dallo Studio sono <\/span><span style=\"font-family: Cambria, serif;\">concordati di volta in volta con il cliente<\/span><span style=\"font-family: Cambria, serif;\"> e <\/span><span style=\"font-family: Cambria, serif;\">comunque sono oggetto di preventivo.<\/span><\/span><\/p>\n<p><span style=\"color: #000000; font-size: 14pt;\"><span style=\"font-family: Cambria, serif;\">Per la determinazione del compenso lo Studio <\/span><span style=\"font-family: Cambria, serif;\">prend<\/span><span style=\"font-family: Cambria, serif;\">e<\/span> <span style=\"font-family: Cambria, serif;\">quale <\/span><span style=\"font-family: Cambria, serif;\">generico riferimento i parametri di cui al D<\/span><span style=\"font-family: Cambria, serif;\">ecreto <\/span><span style=\"font-family: Cambria, serif;\">M<\/span><span style=\"font-family: Cambria, serif;\">inisteriale n.<\/span><span style=\"font-family: Cambria, serif;\"> 55\/14, modificato dal successivo D.M. 37\/18.<\/span><\/span><\/p>\n<p><span style=\"color: #000000; font-size: 14pt;\"><span style=\"font-family: Cambria, serif;\">Tale decreto contiene infatti i parametri di liquidazione dei compensi dell\u2019avvocato in caso di <\/span><span style=\"font-family: Cambria, serif;\">compenso non determinato con il cliente in forma scritta o in caso di mancato accordo sull\u2019ammontare della parcella o ancora nel caso sia il giudice a dover liquidare il compenso dell\u2019avvocato (ad esempio in sede di condanna della parte soccombente in una causa civile a rifondere all\u2019altra parte \u2013 quella vittoriosa \u2013 le spese legali sostenute per difendersi).<\/span><\/span><\/p>\n<p><span style=\"font-family: Cambria, serif; color: #000000; font-size: 14pt;\">I parametri medi indicati dal D.M. 55\/14 sono quindi impiegati dallo Studio quale criterio di orientamento per la redazione del preventivo al cliente, e potranno essere di volta in volta modificati (in aumento o in riduzione) a seconda del caso concreto: particolare complessit\u00e0 dell\u2019incarico, prestigio dell\u2019opera resa, patrocinio a favore di pi\u00f9 clienti ma anche particolari condizioni di disagio economico del cliente. In tali casi lo Studio offre la possibilit\u00e0 di concordare modalit\u00e0 rateali di pagamento della parcella, o comunque si impegna nel predisporre modi e tempi di pagamento adeguati alle esigenze del cliente.<\/span><\/p>\n<p><span style=\"color: #000000; font-size: 14pt;\"><span style=\"font-family: Cambria, serif;\">L\u2019avv. Pallanch \u00e8 iscritto nell\u2019elenco dei difensori abilitati alla difesa dei meno abbienti attraverso il <\/span><a href=\"https:\/\/www.avvocatopallanch.it\/?p=667\"><span style=\"color: #800000;\"><em><span style=\"font-family: Cambria, serif;\"><b>patrocinio a spese dello <\/b><\/span><span style=\"font-family: Cambria, serif;\"><b>S<\/b><\/span><\/em><\/span><\/a><span style=\"font-family: Cambria, serif;\"><b><span style=\"color: #800000;\"><em><span style=\"color: #800000;\">t<\/span><a href=\"https:\/\/www.avvocatopallanch.it\/?p=667\"><span style=\"color: #800000;\">ato in materia civile<\/span><\/a><\/em><\/span> e il\u00a0<span style=\"color: #800000;\"><a style=\"color: #800000;\" href=\"https:\/\/www.avvocatopallanch.it\/?p=663\"><em>patrocinio a spese dello S<\/em><em>tato in materia penale<\/em><\/a><\/span><\/b><\/span><span style=\"font-family: Cambria, serif;\">\u00a0(c.d. <\/span><span style=\"font-family: Cambria, serif;\">gratuito patrocinio<\/span><span style=\"font-family: Cambria, serif;\">) qualora il cliente sia in possesso dei requisiti reddituali previsti dalla legge.<\/span><\/span><\/p>\n<p>&nbsp;<\/p>\n<p><span style=\"color: #000000; font-size: 14pt;\"><span style=\"font-family: Cambria, serif;\">S<\/span><span style=\"font-family: Cambria, serif;\">i indicano di seguito gli onorari richiesti dallo Studio per le principali prestazioni stragiudiziali (quindi attivit\u00e0 di tipo non processuale).<\/span><\/span><\/p>\n<p><span style=\"color: #000000; font-size: 14pt;\"><span style=\"font-family: Cambria, serif;\">Il <\/span><span style=\"font-family: Cambria, serif;\">prezzo si intende al netto di accessori di legge: aumento forfettario 15%, CNPA 4%, IVA 22%.<\/span><\/span><\/p>\n<p align=\"CENTER\"><span style=\"color: #000000; font-size: 14pt;\"><strong><em><span style=\"font-family: Cambria, serif;\">-\u00a7-<\/span><\/em><\/strong><\/span><\/p>\n<p align=\"CENTER\"><span style=\"color: #000000; font-size: 14pt;\"><span style=\"font-family: Cambria, serif;\"><i>A partire da:<\/i><\/span><b> <span style=\"font-family: Cambria, serif;\">\u20ac 150,00<\/span><\/b><\/span><\/p>\n<p align=\"CENTER\"><span style=\"font-family: Cambria, serif; color: #800000; font-size: 14pt;\"><b>SINGOLA CONSULENZA ORALE<\/b><\/span><\/p>\n<p align=\"CENTER\"><span style=\"font-family: Cambria, serif; color: #000000; font-size: 14pt;\"><b>Prevede:<\/b><\/span><\/p>\n<p align=\"CENTER\"><span style=\"font-family: Cambria, serif; color: #000000; font-size: 14pt;\">Studio del caso specifico<\/span><\/p>\n<p align=\"CENTER\"><span style=\"font-family: Cambria, serif; color: #000000; font-size: 14pt;\">Analisi della normativa<\/span><\/p>\n<p align=\"CENTER\"><span style=\"font-family: Cambria, serif; color: #000000; font-size: 14pt;\">Analisi della giurisprudenza<\/span><\/p>\n<p align=\"CENTER\"><span style=\"font-family: Cambria, serif; color: #000000; font-size: 14pt;\">Risposta al quesito con valutazione strategia e possibilit\u00e0 di successo<\/span><\/p>\n<p align=\"CENTER\"><span style=\"font-family: Cambria, serif; color: #000000; font-size: 14pt;\"><i>-\u00a7-<\/i><\/span><\/p>\n<p align=\"CENTER\"><span style=\"color: #000000; font-size: 14pt;\"><span style=\"font-family: Cambria, serif;\"><i>A partire da:<\/i><\/span><b> <span style=\"font-family: Cambria, serif;\">\u20ac 250,00<\/span><\/b><\/span><\/p>\n<p align=\"CENTER\"><span style=\"font-family: Cambria, serif; color: #800000; font-size: 14pt;\"><b>PARERE SCRITTO<\/b><\/span><\/p>\n<p align=\"CENTER\"><span style=\"font-family: Cambria, serif; color: #000000; font-size: 14pt;\"><b>prevede:<\/b><\/span><\/p>\n<p align=\"CENTER\"><span style=\"font-family: Cambria, serif; color: #000000; font-size: 14pt;\">Previa consegna al cliente di preventivo sul costo dello specifico parere richiesto<\/span><\/p>\n<p align=\"CENTER\"><span style=\"font-family: Cambria, serif; color: #000000; font-size: 14pt;\">Studio del caso specifico<\/span><\/p>\n<p align=\"CENTER\"><span style=\"font-family: Cambria, serif; color: #000000; font-size: 14pt;\">Analisi approfondita della normativa<\/span><\/p>\n<p align=\"CENTER\"><span style=\"font-family: Cambria, serif; color: #000000; font-size: 14pt;\">Analisi approfondita della giurisprudenza<\/span><\/p>\n<p align=\"CENTER\"><span style=\"font-family: Cambria, serif; color: #000000; font-size: 14pt;\">Redazione del parere scritto e consegna in formato cartaceo e pdf<\/span><\/p>\n<p align=\"CENTER\"><span style=\"font-family: Cambria, serif; color: #000000; font-size: 14pt;\">con valutazione strategia e possibilit\u00e0 di successo.<\/span><\/p>\n<p align=\"CENTER\"><span style=\"color: #000000; font-size: 14pt;\"><i><span style=\"font-family: Cambria, serif;\">-\u00a7-<\/span><\/i><\/span><\/p>\n<p align=\"CENTER\"><span style=\"color: #000000; font-size: 14pt;\"><span style=\"font-family: Cambria, serif;\"><i>A partire da:<\/i><\/span><b> <span style=\"font-family: Cambria, serif;\">\u20ac 800,00<\/span><\/b><\/span><\/p>\n<p align=\"CENTER\"><span style=\"font-family: Cambria, serif; color: #800000; font-size: 14pt;\"><b>SINGOLO CONTRATTO<\/b><\/span><\/p>\n<p align=\"CENTER\"><span style=\"font-family: Cambria, serif; color: #000000; font-size: 14pt;\"><b>prevede:<\/b><\/span><\/p>\n<p align=\"CENTER\"><span style=\"font-family: Cambria, serif; color: #000000; font-size: 14pt;\">Appuntamento in studio per presentazione esigenze e analisi documentazione<\/span><\/p>\n<p align=\"CENTER\"><span style=\"font-family: Cambria, serif; color: #000000; font-size: 14pt;\">preventivo sul costo dello specifico atto<\/span><\/p>\n<p align=\"CENTER\"><span style=\"font-family: Cambria, serif; color: #000000; font-size: 14pt;\">Studio del caso specifico<\/span><\/p>\n<p align=\"CENTER\"><span style=\"font-family: Cambria, serif; color: #000000; font-size: 14pt;\">Analisi approfondita della normativa<\/span><\/p>\n<p align=\"CENTER\"><span style=\"font-family: Cambria, serif; color: #000000; font-size: 14pt;\">Analisi approfondita della giurisprudenza<\/span><\/p>\n<p align=\"CENTER\"><span style=\"font-family: Cambria, serif; color: #000000; font-size: 14pt;\">Redazione del contratto e consegna in formato cartaceo e pdf<\/span><\/p>\n<p align=\"CENTER\"><span style=\"color: #000000; font-size: 14pt;\"><i><span style=\"font-family: Cambria, serif;\">-\u00a7-<\/span><\/i><\/span><\/p>\n<p align=\"CENTER\"><span style=\"color: #000000; font-size: 14pt;\"><span style=\"font-family: Cambria, serif;\"><i>A partire da:<\/i><\/span><b> <span style=\"font-family: Cambria, serif;\">\u20ac 7.200,00<\/span><\/b><\/span><\/p>\n<p align=\"CENTER\"><span style=\"font-family: Cambria, serif; color: #800000; font-size: 14pt;\"><b>PACCHETTO ANNUALE PER IMPRESE <\/b><\/span><\/p>\n<p align=\"CENTER\"><span style=\"font-family: Cambria, serif; color: #000000; font-size: 14pt;\"><b>prevede:<\/b><\/span><\/p>\n<p align=\"CENTER\"><span style=\"font-family: Cambria, serif; color: #000000; font-size: 14pt;\">Consulenze orali illimitate tutto l\u2019anno<\/span><\/p>\n<p align=\"CENTER\"><span style=\"font-family: Cambria, serif; color: #000000; font-size: 14pt;\">Pareri scritti tutto l\u2019anno (max 12)<\/span><\/p>\n<p align=\"CENTER\"><span style=\"font-family: Cambria, serif; color: #000000; font-size: 14pt;\">Assistenza stragiudiziale a 360\u00b0 in tutte le materie di competenza dello Studio<\/span><\/p>\n<p align=\"CENTER\"><span style=\"font-family: Cambria, serif; color: #000000; font-size: 14pt;\">Specifiche modalit\u00e0 e contenuti da concordarsi di volta in volta<\/span><\/p>\n<\/div><\/div><\/div><div id=\"pgc-226-1-2\"  class=\"panel-grid-cell panel-grid-cell-empty\" ><\/div><\/div><\/div>","protected":false},"excerpt":{"rendered":"<p>QUANTO COSTA UNA CONSULENZA? QUANTO COSTA LA DIFESA NEL PROCESSO? [&hellip;]<\/p>\n","protected":false},"author":1,"featured_media":0,"parent":0,"menu_order":0,"comment_status":"closed","ping_status":"closed","template":"","meta":[],"_links":{"self":[{"href":"https:\/\/www.avvocatopallanch.it\/index.php?rest_route=\/wp\/v2\/pages\/226"}],"collection":[{"href":"https:\/\/www.avvocatopallanch.it\/index.php?rest_route=\/wp\/v2\/pages"}],"about":[{"href":"https:\/\/www.avvocatopallanch.it\/index.php?rest_route=\/wp\/v2\/types\/page"}],"author":[{"embeddable":true,"href":"https:\/\/www.avvocatopallanch.it\/index.php?rest_route=\/wp\/v2\/users\/1"}],"replies":[{"embeddable":true,"href":"https:\/\/www.avvocatopallanch.it\/index.php?rest_route=%2Fwp%2Fv2%2Fcomments&post=226"}],"version-history":[{"count":25,"href":"https:\/\/www.avvocatopallanch.it\/index.php?rest_route=\/wp\/v2\/pages\/226\/revisions"}],"predecessor-version":[{"id":1130,"href":"https:\/\/www.avvocatopallanch.it\/index.php?rest_route=\/wp\/v2\/pages\/226\/revisions\/1130"}],"wp:attachment":[{"href":"https:\/\/www.avvocatopallanch.it\/index.php?rest_route=%2Fwp%2Fv2%2Fmedia&parent=226"}],"curies":[{"name":"wp","href":"https:\/\/api.w.org\/{rel}","templated":true}]}}