{"id":223,"date":"2018-11-15T11:06:37","date_gmt":"2018-11-15T10:06:37","guid":{"rendered":"http:\/\/www.avvocatopallanch.it\/?page_id=223"},"modified":"2019-03-13T08:51:06","modified_gmt":"2019-03-13T07:51:06","slug":"materie","status":"publish","type":"page","link":"https:\/\/www.avvocatopallanch.it\/?page_id=223","title":{"rendered":"Materie"},"content":{"rendered":"<div id=\"pl-223\"  class=\"panel-layout\" ><div id=\"pg-223-0\"  class=\"panel-grid panel-has-style\" ><div class=\"panel-row-style panel-row-style-for-223-0\" ><div id=\"pgc-223-0-0\"  class=\"panel-grid-cell panel-grid-cell-empty\" ><\/div><div id=\"pgc-223-0-1\"  class=\"panel-grid-cell panel-grid-cell-mobile-last\" ><div id=\"panel-223-0-1-0\" class=\"so-panel widget widget_black-studio-tinymce widget_black_studio_tinymce panel-first-child panel-last-child\" data-index=\"0\" ><div class=\"textwidget\"><p align=\"CENTER\"><span style=\"font-family: Cambria, serif; font-size: 18pt; color: #000000;\"><b>SERVIZI OFFERTI e<\/b><strong>\u00a0MATERIE DI COMPETENZA<\/strong><\/span><\/p>\n<p align=\"CENTER\"><span style=\"font-family: Cambria, serif; font-size: 18pt;\"><b><span style=\"color: #000000;\">DELLO STUDIO LEGALE<\/span><\/b><\/span><\/p>\n<p align=\"CENTER\"><span style=\"font-size: 18pt;\"><em><strong><span style=\"font-family: Cambria, serif; color: #000000;\"><span style=\"line-height: 50px;\">-\u00a7-<\/span><\/span><\/strong><\/em><\/span><\/p>\n<p align=\"CENTER\"><span style=\"font-family: Cambria, serif; color: #000000; font-size: 14pt;\"><span style=\"line-height: 50px;\">Lo studio mette quotidianamente a disposizione della clientela la propria <i><b>competenza <\/b><\/i>e la propria<i><b> esperienza<\/b><\/i><i> <\/i>al fine di offrire la migliore assistenza nelle seguenti materie:<\/span><\/span><\/p>\n<p>&nbsp;<\/p>\n<p align=\"CENTER\"><a id=\"ancor1\"><\/a><a href=\"https:\/\/www.avvocatopallanch.it\/wp-content\/uploads\/2018\/12\/home-icon.jpg\"><img class=\"alignnone size-full wp-image-315\" src=\"http:\/\/www.avvocatopallanch.it\/wp-content\/uploads\/2018\/12\/home-icon.jpg\" alt=\"\" width=\"128\" height=\"128\" \/><\/a><\/p>\n<p align=\"CENTER\"><span style=\"font-family: Cambria, serif; color: #000000; font-size: 18pt;\"><b>DIRITTI REALI<\/b> <\/span><\/p>\n<p align=\"CENTER\"><span style=\"font-family: Cambria, serif; color: #000000; font-size: 14pt;\"><span style=\"line-height: 50px;\">Tutela della propriet\u00e0, dei diritti reali di godimento (diritti reali minori: diritto di servit\u00f9, di abitazione, di usufrutto, ecc.) e dei diritti di garanzia (ipoteca e pegno). Lo studio si trova a Trento ed opera prevalentemente in provincia di Trento di Bolzano. Per questo \u00e8 garantita la massima competenza anche in materia tavolare.<\/span><\/span><\/p>\n<p align=\"CENTER\"><a id=\"ancor2\"><\/a><a href=\"https:\/\/www.avvocatopallanch.it\/wp-content\/uploads\/2018\/12\/obbligazioniecontratti.jpg\"><img class=\"alignnone wp-image-318 size-full\" src=\"https:\/\/www.avvocatopallanch.it\/wp-content\/uploads\/2018\/12\/obbligazioniecontratti.jpg\" alt=\"\" width=\"128\" height=\"128\" \/><\/a><\/p>\n<p align=\"CENTER\"><span style=\"font-family: Cambria, serif; color: #000000; font-size: 18pt;\"><b>DIRITTO DELLE OBBLIGAZIONI<\/b><\/span><\/p>\n<p align=\"CENTER\"><span style=\"font-family: Cambria, serif; color: #000000; font-size: 18pt;\"><b>E DEI CONTRATTI<\/b><\/span><\/p>\n<p align=\"CENTER\"><span style=\"font-family: Cambria, serif; color: #000000; font-size: 14pt;\"><span style=\"line-height: 50px;\">Lo studio offre assistenza completa al privato ed alle aziende: parere legale, redazione di contratti (es. locazione, compravendita, appalto, mandato, ecc.), tutela e difesa stragiudiziale e giudiziale del consumatore (ad esempio in materia di telefonia, somministrazione, ecc.), dei privati e delle imprese in materia di obbligazioni nascenti da contratto. Tutela e assistenza in fase di trattativa preliminare, di redazione del contratto, di applicazione del contratto, tutela nella gestione e nella reazione alla patologia del contratto (nullit\u00e0, annullabilit\u00e0, ecc.), assistenza nella fase di cessazione degli effetti giuridici (recesso, risoluzione, rescissione, ecc.). <\/span><\/span><\/p>\n<p align=\"CENTER\"><a id=\"ancor3\"><\/a><a href=\"https:\/\/www.avvocatopallanch.it\/wp-content\/uploads\/2018\/12\/respmedica.jpg\"><img class=\"alignnone wp-image-321 size-full\" src=\"https:\/\/www.avvocatopallanch.it\/wp-content\/uploads\/2018\/12\/respmedica.jpg\" alt=\"\" width=\"128\" height=\"128\" \/><\/a><\/p>\n<p align=\"CENTER\"><span style=\"font-family: Cambria, serif; color: #000000; font-size: 18pt;\"><b>MALASANIT\u00c0<\/b><\/span><\/p>\n<p align=\"CENTER\"><span style=\"font-family: Cambria, serif; color: #000000; font-size: 18pt;\"><b>RESPONSABILIT\u00c0 MEDICA<\/b><\/span><\/p>\n<p align=\"CENTER\"><span style=\"font-family: Cambria, serif; color: #000000; font-size: 14pt;\"><span style=\"line-height: 50px;\">Lo studio offre completa assistenza al cliente in caso di malasanit\u00e0, di danno da omesso o errato intervento medico ed in tutti i casi di colpa medica. Tutela stragiudiziale (quindi contatto con la struttura medica, rappresentanza con l\u2019istituto assicurativo e nella gestione del sinistro sino al conseguimento del dovuto risarcimento) e giudiziale.<\/span><\/span><\/p>\n<p align=\"CENTER\"><a id=\"ancor4\"><\/a><a href=\"https:\/\/www.avvocatopallanch.it\/wp-content\/uploads\/2018\/12\/respcivile.jpg\"><img class=\"alignnone wp-image-326 size-full\" src=\"https:\/\/www.avvocatopallanch.it\/wp-content\/uploads\/2018\/12\/respcivile.jpg\" alt=\"\" width=\"128\" height=\"128\" \/><\/a><\/p>\n<p align=\"CENTER\"><span style=\"font-family: Cambria, serif; color: #000000; font-size: 18pt;\"><b>RESPONSABILIT\u00c0 CIVILE<\/b> <\/span><\/p>\n<p align=\"CENTER\"><span style=\"font-family: Cambria, serif; color: #000000; font-size: 14pt;\"><span style=\"line-height: 50px;\">Tutela del Cliente in tutte le fattispecie connesse con la responsabilit\u00e0 derivante dalla violazione del diritto privato. Dalla responsabilit\u00e0 da inadempimento contrattuale alle fattispecie di responsabilit\u00e0 da fatto illecito (es. danno derivante da fatto doloso o colposo, danno cagionato da minore, da incapace, da un dipendente, da animali, da cose in custodia, dalla circolazione dei veicoli, ecc.)<\/span><\/span><\/p>\n<p align=\"CENTER\"><a id=\"ancor5\"><\/a><a href=\"https:\/\/www.avvocatopallanch.it\/wp-content\/uploads\/2018\/12\/recuperocrediti.jpg\"><img class=\"alignnone wp-image-329 size-full\" src=\"https:\/\/www.avvocatopallanch.it\/wp-content\/uploads\/2018\/12\/recuperocrediti.jpg\" alt=\"\" width=\"128\" height=\"128\" \/><\/a><\/p>\n<p align=\"CENTER\"><span style=\"font-family: Cambria, serif; color: #000000; font-size: 18pt;\"><b>RECUPERO CREDITI<\/b><\/span><\/p>\n<p align=\"CENTER\"><span style=\"font-family: Cambria, serif; color: #000000; font-size: 14pt;\"><span style=\"line-height: 50px;\">Per il cliente in possesso di un titolo esecutivo (o dopo che lo Studio avr\u00e0 ottenuto il titolo vincendo la causa) lo studio offre assistenza nella ricerca dei beni da sottoporre a pignoramento, nella realizzazione di efficaci strategie per conservare la garanzia patrimoniale del debitore e assistenza giudiziale nel processo esecutivo (pignoramento mobiliare, immobiliare, crediti presso terzi, quote di s.r.l., veicoli, ecc.)<\/span><\/span><\/p>\n<p align=\"CENTER\"><a id=\"ancor6\"><\/a><a href=\"https:\/\/www.avvocatopallanch.it\/wp-content\/uploads\/2018\/12\/dirittodellavoro.jpg\"><img class=\"alignnone wp-image-332 size-full\" src=\"https:\/\/www.avvocatopallanch.it\/wp-content\/uploads\/2018\/12\/dirittodellavoro.jpg\" alt=\"\" width=\"128\" height=\"128\" \/><\/a><\/p>\n<p align=\"CENTER\"><span style=\"font-family: Cambria, serif; color: #000000; font-size: 18pt;\"><b>DIRITTO DEL LAVORO<\/b><\/span><\/p>\n<p align=\"CENTER\"><span style=\"font-family: Cambria, serif; color: #000000; font-size: 14pt;\"><span style=\"line-height: 50px;\">Tutela del lavoratore e del datore di lavoro in fase stragiudiziale e giudiziale. Consulenza e assistenza alle imprese per la gestione del dipendente (ad es. in materia di privacy, procedimento disciplinare, contrattazione collettiva, gestione della crisi dell\u2019impresa, licenziamenti individuali e collettivi, <i>repechage<\/i>, procedure stragiudiziali di risoluzione delle vertenze, rapporti con il sindacato, ecc.). Consulenza e assistenza ai lavoratori nel rapporto con parte datoriale (ad es. impugnazione del licenziamento, analisi del contratto individuale di lavoro e del contratto collettivo applicato, consulenza sui diritti del lavoratore, <i>mobbing<\/i>, lettura e analisi del cedolino paga, assistenza e difesa nel procedimento disciplinare).<\/span><\/span><\/p>\n<p align=\"CENTER\"><a id=\"ancor7\"><\/a><a href=\"https:\/\/www.avvocatopallanch.it\/wp-content\/uploads\/2018\/12\/dirittofamiglia.jpg\"><img class=\"alignnone wp-image-335 size-full\" src=\"https:\/\/www.avvocatopallanch.it\/wp-content\/uploads\/2018\/12\/dirittofamiglia.jpg\" alt=\"\" width=\"128\" height=\"128\" \/><\/a><\/p>\n<p align=\"CENTER\"><span style=\"font-family: Cambria, serif; color: #000000; font-size: 18pt;\"><b>DIRITTO DI FAMIGLIA<\/b><\/span><\/p>\n<p align=\"CENTER\"><span style=\"font-family: Cambria, serif; color: #000000; font-size: 14pt;\"><span style=\"line-height: 50px;\">Assistenza ai genitori nella regolamentazione dei figli minori nati fuori dal matrimonio. Assistenza dei coniugi nella gestione della separazione e del divorzio (es. programmazione di incontri per il raggiungimento di un accordo sulle condizioni di separazione e per lo scioglimento della comunione legale dei beni). Difesa e tutela in caso di separazione e divorzio giudiziale. Modifica delle condizioni di separazione e di divorzio.<\/span><\/span><\/p>\n<p align=\"CENTER\"><a id=\"ancor8\"><\/a><a href=\"https:\/\/www.avvocatopallanch.it\/wp-content\/uploads\/2018\/12\/successioni.jpg\"><img class=\"alignnone wp-image-336 size-full\" src=\"https:\/\/www.avvocatopallanch.it\/wp-content\/uploads\/2018\/12\/successioni.jpg\" alt=\"\" width=\"128\" height=\"128\" \/><\/a><\/p>\n<p align=\"CENTER\"><span style=\"font-family: Cambria, serif; color: #000000; font-size: 18pt;\"><b>SUCCESSIONI<\/b><\/span><\/p>\n<p align=\"CENTER\"><span style=\"font-family: Cambria, serif; color: #000000; font-size: 14pt;\"><span style=\"line-height: 50px;\">Consulenza nella redazione del testamento e conservazione dello stesso. Consulenza e assistenza ai chiamati all\u2019eredit\u00e0 nelle fasi successive al decesso. Tutela dei legittimari e azioni a tutela della quota a loro riservata. Tutela giudiziale e stragiudiziale dei diritti dell\u2019erede legittimo, del legittimario e del legatario.<\/span><\/span><\/p>\n<p align=\"CENTER\"><a id=\"ancor9\"><\/a><a href=\"https:\/\/www.avvocatopallanch.it\/wp-content\/uploads\/2018\/12\/dirittopenale.jpg\"><img class=\"alignnone wp-image-337 size-full\" src=\"https:\/\/www.avvocatopallanch.it\/wp-content\/uploads\/2018\/12\/dirittopenale.jpg\" alt=\"\" width=\"128\" height=\"128\" \/><\/a><\/p>\n<p align=\"CENTER\"><span style=\"font-family: Cambria, serif; color: #000000; font-size: 18pt;\"><b>DIRITTO PENALE<\/b><\/span><\/p>\n<p align=\"CENTER\"><span style=\"font-family: Cambria, serif; color: #000000; font-size: 14pt;\">Assistenza della vittima del reato nella fase di redazione e di deposito della denuncia o della querela.<\/span><\/p>\n<p align=\"CENTER\"><span style=\"font-family: Cambria, serif; color: #000000; font-size: 14pt;\"><span style=\"line-height: 50px;\">Aiuto e supporto organizzativo alla <strong>vittima di violenza domestica<\/strong>.<\/span><\/span><\/p>\n<p align=\"CENTER\"><span style=\"font-family: Cambria, serif; color: #000000; font-size: 14pt;\"><span style=\"line-height: 50px;\">Difesa e rappresentanza dell\u2019indagato, dell\u2019imputato e della persona offesa nella fase delle indagini preliminari ed in quella del processo, con eventuale supporto e affiancamento di professionisti quali investigatori privati, psicologi, medici legali, periti ecc.<\/span><\/span><\/p>\n<p align=\"CENTER\"><span style=\"font-family: Cambria, serif; color: #000000; font-size: 14pt;\"><span style=\"line-height: 50px;\">Tutela e difesa del condannato nell\u2019accesso a misure alternative alla detenzione ed ai benefici previsti dall\u2019ordinamento penitenziario.<\/span><\/span><\/p>\n<\/div><\/div><\/div><div id=\"pgc-223-0-2\"  class=\"panel-grid-cell panel-grid-cell-empty\" ><\/div><\/div><\/div><\/div>","protected":false},"excerpt":{"rendered":"<p>SERVIZI OFFERTI e\u00a0MATERIE DI COMPETENZA DELLO STUDIO LEGALE -\u00a7- Lo [&hellip;]<\/p>\n","protected":false},"author":1,"featured_media":0,"parent":0,"menu_order":0,"comment_status":"closed","ping_status":"closed","template":"","meta":[],"_links":{"self":[{"href":"https:\/\/www.avvocatopallanch.it\/index.php?rest_route=\/wp\/v2\/pages\/223"}],"collection":[{"href":"https:\/\/www.avvocatopallanch.it\/index.php?rest_route=\/wp\/v2\/pages"}],"about":[{"href":"https:\/\/www.avvocatopallanch.it\/index.php?rest_route=\/wp\/v2\/types\/page"}],"author":[{"embeddable":true,"href":"https:\/\/www.avvocatopallanch.it\/index.php?rest_route=\/wp\/v2\/users\/1"}],"replies":[{"embeddable":true,"href":"https:\/\/www.avvocatopallanch.it\/index.php?rest_route=%2Fwp%2Fv2%2Fcomments&post=223"}],"version-history":[{"count":40,"href":"https:\/\/www.avvocatopallanch.it\/index.php?rest_route=\/wp\/v2\/pages\/223\/revisions"}],"predecessor-version":[{"id":1158,"href":"https:\/\/www.avvocatopallanch.it\/index.php?rest_route=\/wp\/v2\/pages\/223\/revisions\/1158"}],"wp:attachment":[{"href":"https:\/\/www.avvocatopallanch.it\/index.php?rest_route=%2Fwp%2Fv2%2Fmedia&parent=223"}],"curies":[{"name":"wp","href":"https:\/\/api.w.org\/{rel}","templated":true}]}}